{"id":36370,"date":"2018-03-21T00:00:58","date_gmt":"2018-03-20T23:00:58","guid":{"rendered":"https:\/\/www.spirituc.com\/?page_id=36343"},"modified":"2018-03-21T00:00:58","modified_gmt":"2018-03-20T23:00:58","slug":"dia-mundial-da-arvore","status":"publish","type":"page","link":"https:\/\/dev.spirituc.com\/?page_id=36370","title":{"rendered":"Dia mundial da \u00c1rvore"},"content":{"rendered":"<div class=\"wpb-content-wrapper\"><p>[vc_row][vc_column][vc_column_text]<\/p>\n<h1 style=\"text-align: left;\"><span style=\"color: #f47920;\"><i>Projecto de Responsabilidade Social Spirituc &#8211; Investiga\u00e7\u00e3o Aplicada 2018<\/i><\/span><\/h1>\n<p>&nbsp;<\/p>\n<p><a href=\"https:\/\/www.spirituc.com\/wp-content\/uploads\/2018\/03\/Spirituc-Um-Projecto-Uma-Arvore.png\"><img loading=\"lazy\" decoding=\"async\" class=\"alignleft wp-image-36344 size-medium\" src=\"https:\/\/www.spirituc.com\/wp-content\/uploads\/2018\/03\/Spirituc-Um-Projecto-Uma-Arvore-300x198.png\" alt=\"Spirituc Um Projecto Uma Arvore\" width=\"300\" height=\"198\" \/><\/a><\/p>\n<div style=\"text-align: justify; text-justify: inter-word;\">\n<p>Pol\u00edtica de Responsabilidade Social representa, para a Spirituc-Investiga\u00e7\u00e3o Aplicada, muito mais do que um simples compromisso assumido com as pessoas, com a comunidade ou com a defesa dos valores e direitos humanos.<\/p>\n<p>Para n\u00f3s, esta vis\u00e3o deve materializar-se no dia-a-dia tamb\u00e9m num conjunto de outras preocupa\u00e7\u00f5es, genu\u00ednas, directamente relacionadas com o meio ambiente e protec\u00e7\u00e3o da natureza e \u00e9 precisamente enquadrada nesta premissa que a Spirituc &#8211; Investiga\u00e7\u00e3o Aplicada lan\u00e7a, no dia 21 de Mar\u00e7o de 2018 &#8211; Dia Mundial da \u00c1rvore -, oficialmente a sua mais recente iniciativa de Responsabilidade Social <b>\u201c<\/b><b><i>Um Projecto\u2026Uma \u00c1rvore\u201d<\/i><\/b>.<\/p>\n<p>Conhe\u00e7a um pouco melhor a natureza e objectivos deste projecto:<\/p>\n<\/div>\n<p>&nbsp;<\/p>\n<p>&nbsp;<\/p>\n<div style=\"text-align: justify; text-justify: inter-word;\"><u><b>Porque raz\u00e3o surgiu a ideia<\/b><\/u><b>?<\/b><br \/>\nDe acordo com dados disponibilizados pelo Instituto da Conserva\u00e7\u00e3o da Natureza e das Florestas \u2013 ICNF, no ano de 2017, arderam mais de 440 mil hectares de floresta e povoamentos. Face a esta cat\u00e1strofe nacional, entendeu a Spirituc-Investiga\u00e7\u00e3o Aplicada que, inevitavelmente, n\u00e3o poderia ficar alheia a todo este cen\u00e1rio de horror e que, mais do que simples palavras de circunst\u00e2ncias proferidas em \u201ctempos de dor\u201d, seria fundamental demonstrar a nossa solidariedade contribuindo, activamente, no processo de refloresta\u00e7\u00e3o do territ\u00f3rio nacional. Assim, mais do que uma \u201cideia\u201d ou um processo de boas inten\u00e7\u00f5es, <b>\u201c<\/b><b><i>Um Projecto\u2026Uma \u00c1rvore\u201d<\/i><\/b> \u00e9, para n\u00f3s, um imperativo, uma exig\u00eancia.<\/div>\n<div><div class=\"gap\" style=\"line-height: 10px; height: 10px;\"><\/div><\/div>\n<div style=\"text-align: justify; text-justify: inter-word;\"><u><b>Como ir\u00e1 funcionar<\/b><\/u><b>? <\/b>(Operacionaliza\u00e7\u00e3o)<\/div>\n<div style=\"text-align: justify; text-justify: inter-word;\">A operacionaliza\u00e7\u00e3o deste projecto \u00e9 simples e transparente. Por cada estudo adjudicado entre os dias 01 de Janeiro e 31 de dezembro de 2018, \u00e9 compromisso de honra da Spirituc-Investiga\u00e7\u00e3o Aplicada aqdquirir (e plantar) uma \u00e1rvore de grande porte, tipicamente mais resistente ao flagelo dos inc\u00eandios (Carvalho-cerquinho, tamb\u00e9m conhecido por Carvalho Portugu\u00eas <a href=\"http:\/\/www.florestar.net\/carvalho-cerquinho\/carvalho-cerquinho.html\">http:\/\/www.florestar.net\/carvalho-cerquinho\/carvalho-cerquinho.html<\/a>) o que representar\u00e1, simbolicamente, o nosso contributo activo, no processo de refloresta\u00e7\u00e3o do territ\u00f3rio nacional.A participa\u00e7\u00e3o neste projecto \u00e9 extens\u00edvel a todas as organiza\u00e7\u00f5es (nacionais e internacionais) e a todos os projectos adjudicados &#8211; n\u00e3o existindo portanto nenhum valor m\u00ednimo de adjudica\u00e7\u00e3o exig\u00edvel para que, cada projecto, represente a aquisi\u00e7\u00e3o e planta\u00e7\u00e3o de uma \u00e1rvore.<\/div>\n<div><div class=\"gap\" style=\"line-height: 10px; height: 10px;\"><\/div><\/div>\n<div style=\"text-align: justify; text-justify: inter-word;\"><u><b>Quando ser\u00e3o plantadas as \u00e1rvores<\/b><\/u><b>? <\/b><\/div>\n<div style=\"text-align: justify; text-justify: inter-word;\">Todas as \u00e1rvores doadas no decorrer do ano de 2018 ser\u00e3o plantadas, num \u00fanico momento, simb\u00f3lico, precisamente 1 ano ap\u00f3s o lan\u00e7amento desta iniciativa \u2013 dia em que, tal como anteriormente referimos, se celebra o Dia Mundial da \u00c1rvore).<\/div>\n<div style=\"text-align: justify; text-justify: inter-word;\">\n<p>Assim, est\u00e1 previsto que, no dia 21 de Mar\u00e7o de 2019, a equipa da Spirituc-Investiga\u00e7\u00e3o Aplicada e todos aqueles que, a titulo individual, ou em representa\u00e7\u00e3o da sua organiza\u00e7\u00e3o, se queiram juntar a n\u00f3s, est\u00e3o desde j\u00e1 convidados a participar nesta iniciativa.<\/p>\n<p><u><b>Onde ter\u00e1 lugar a planta\u00e7\u00e3o das \u00e1rvores<\/b><\/u><b>?<\/b><\/p>\n<p>Infelizmente, escolher um local para contribuir neste processo de refloresta\u00e7\u00e3o n\u00e3o constituiu um problema \u2013 tamanha a dimens\u00e3o de \u00e1reas ardidas e a multiplicidade de Concelhos que, de Norte a Sul, foram atingidos por este flagelo. Mas a realidade \u00e9 que t\u00ednhamos que optar e, por essa raz\u00e3o, a nossa escolha tentou basear-se em crit\u00e9rios \u201cracionais\u201d acabando por recair no distrito de Coimbra (em virtude de ter sido o distrito de todo o pa\u00eds que viu, em 2017, maior superf\u00edcie de \u00e1rea ardida), na Mata do Sobral, localizada no Concelho da Lous\u00e3, Freguesia de Serpins.<\/p>\n<\/div>\n<h2><\/h2>\n<h2>Porque o nosso <span style=\"color: #f47920;\"><b>Laranja<\/b><\/span> tamb\u00e9m deve ser <b><span style=\"color: #339966;\">Verde<\/span>.<\/b><\/h2>\n<h3>Junte-se a n\u00f3s nesta causa.<\/h3>\n<p>[\/vc_column_text][\/vc_column][\/vc_row]<\/p>\n<\/div>","protected":false},"excerpt":{"rendered":"<p>[vc_row][vc_column][vc_column_text] Projecto de Responsabilidade Social Spirituc &#8211; Investiga\u00e7\u00e3o Aplicada 2018 &nbsp; Pol\u00edtica de Responsabilidade Social representa, para a Spirituc-Investiga\u00e7\u00e3o Aplicada, muito mais do que um simples compromisso assumido com as pessoas, com a comunidade ou com a defesa dos valores e direitos humanos. Para n\u00f3s, esta vis\u00e3o deve materializar-se no dia-a-dia tamb\u00e9m num conjunto de&hellip;<\/p>\n","protected":false},"author":2,"featured_media":0,"parent":0,"menu_order":0,"comment_status":"closed","ping_status":"closed","template":"","meta":{"_monsterinsights_skip_tracking":false,"_monsterinsights_sitenote_active":false,"_monsterinsights_sitenote_note":"","_monsterinsights_sitenote_category":0,"footnotes":""},"class_list":["post-36370","page","type-page","status-publish","hentry","description-off"],"_links":{"self":[{"href":"https:\/\/dev.spirituc.com\/index.php?rest_route=\/wp\/v2\/pages\/36370","targetHints":{"allow":["GET"]}}],"collection":[{"href":"https:\/\/dev.spirituc.com\/index.php?rest_route=\/wp\/v2\/pages"}],"about":[{"href":"https:\/\/dev.spirituc.com\/index.php?rest_route=\/wp\/v2\/types\/page"}],"author":[{"embeddable":true,"href":"https:\/\/dev.spirituc.com\/index.php?rest_route=\/wp\/v2\/users\/2"}],"replies":[{"embeddable":true,"href":"https:\/\/dev.spirituc.com\/index.php?rest_route=%2Fwp%2Fv2%2Fcomments&post=36370"}],"version-history":[{"count":0,"href":"https:\/\/dev.spirituc.com\/index.php?rest_route=\/wp\/v2\/pages\/36370\/revisions"}],"wp:attachment":[{"href":"https:\/\/dev.spirituc.com\/index.php?rest_route=%2Fwp%2Fv2%2Fmedia&parent=36370"}],"curies":[{"name":"wp","href":"https:\/\/api.w.org\/{rel}","templated":true}]}}